{"id":6856,"date":"2023-08-07T18:59:03","date_gmt":"2023-08-07T15:59:03","guid":{"rendered":"https:\/\/r23k.com\/?post_type=product&#038;p=6856"},"modified":"2024-05-15T11:13:55","modified_gmt":"2024-05-15T08:13:55","slug":"classic-snapback-lippis","status":"publish","type":"product","link":"https:\/\/r23k.com\/en\/tuote\/classic-snapback-lippis\/","title":{"rendered":"Classic Snapback Lippis"},"content":{"rendered":"<p>Tyylik\u00e4s ja monipuolinen Yupoong Classic Snapback-lippis on t\u00e4ydellinen valinta niille, jotka haluavat yhdist\u00e4\u00e4 tyylikkyyden ja mukavuuden.<\/p>\n<p>Valmistettu kest\u00e4vist\u00e4 materiaaleista ja varustettu s\u00e4\u00e4dett\u00e4v\u00e4ll\u00e4 takaosalla, t\u00e4m\u00e4 lippis sopii kaikenkokoisille p\u00e4ille.<\/p>\n<p>&nbsp;<\/p>\n<p>Yupoong lippiksen tyylik\u00e4s Snapback-suljin mahdollistaa istuvuuden s\u00e4\u00e4t\u00e4misen juuri omiin mieltymyksiisi sopivaksi, ja sen muotoiltu lippa tarjoaa sek\u00e4 suojaa auringolta ett\u00e4 lis\u00e4\u00e4 tyylikkyytt\u00e4 asuusi.<\/p>\n<p>Olitpa sitten urbaanin kaupungin katujen tyylikk\u00e4\u00e4ss\u00e4 vilin\u00e4ss\u00e4 tai ulkoilmael\u00e4m\u00e4n seikkailuissa, t\u00e4m\u00e4 Yupoong Classic Snapback-lippis on luotettava kumppani, joka viimeistelee asusi ja pit\u00e4\u00e4 sinut mukavasti tyylikk\u00e4\u00e4n\u00e4 koko p\u00e4iv\u00e4n.<\/p>\n<p>Yupoong Classic\u00ae Snapback lippis<br \/>\nMalli: 6-panelia, Suoralippainen<br \/>\nMateriaali: 80% Acryyli, 20% Puuvilla<br \/>\nV\u00e4ri: musta\/musta<\/p>\n","protected":false},"excerpt":{"rendered":"Yupoong Classic snapback-lippis tarjoaa tyylikkyytt\u00e4 ja mukavuutta yhdess\u00e4 paketissa. Valmistettu kest\u00e4v\u00e4st\u00e4 materiaalista ja s\u00e4\u00e4dett\u00e4v\u00e4ll\u00e4 takapaneelilla varustettuna se sopii kaikille p\u00e4ille.\nTyylik\u00e4s snapback-suljin ja muotoiltu lippa tekev\u00e4t siit\u00e4 t\u00e4ydellisen valinnan niin kaupunkiin kuin ulkoilmael\u00e4m\u00e4n seikkailuihinkin.","protected":false},"featured_media":7019,"comment_status":"open","ping_status":"closed","template":"","meta":[],"product_brand":[],"product_cat":[77],"product_tag":[110,99,87,100,114],"class_list":{"0":"post-6856","1":"product","2":"type-product","3":"status-publish","4":"has-post-thumbnail","6":"product_cat-lippikset","7":"product_tag-black","8":"product_tag-lippis","9":"product_tag-musta","10":"product_tag-snapback","11":"product_tag-yopoong","12":"mbf-entry","14":"first","15":"instock","16":"taxable","17":"shipping-taxable","18":"purchasable","19":"product-type-simple"},"yoast_head":"<!-- This site is optimized with the Yoast SEO plugin v26.0 - https:\/\/yoast.com\/wordpress\/plugins\/seo\/ -->\n<title>Classic Snapback Lippis - R23K.COM<\/title>\n<meta name=\"description\" content=\"Tyylik\u00e4s ja monipuolinen Classic Snapback lippis on t\u00e4ydellinen valinta niille, jotka haluavat yhdist\u00e4\u00e4 tyylikkyyden ja mukavuuden.\" \/>\n<meta name=\"robots\" content=\"index, follow, max-snippet:-1, max-image-preview:large, max-video-preview:-1\" \/>\n<link rel=\"canonical\" href=\"https:\/\/r23k.com\/tuote\/classic-snapback-lippis\/\" \/>\n<meta property=\"og:locale\" content=\"en_US\" \/>\n<meta property=\"og:type\" content=\"article\" \/>\n<meta property=\"og:title\" content=\"Classic Snapback Lippis - R23K.COM\" \/>\n<meta property=\"og:description\" content=\"Tyylik\u00e4s ja monipuolinen Classic Snapback lippis on t\u00e4ydellinen valinta niille, jotka haluavat yhdist\u00e4\u00e4 tyylikkyyden ja mukavuuden.\" \/>\n<meta property=\"og:url\" content=\"https:\/\/r23k.com\/tuote\/classic-snapback-lippis\/\" \/>\n<meta property=\"og:site_name\" content=\"R23K.COM\" \/>\n<meta property=\"article:publisher\" content=\"https:\/\/www.facebook.com\/R23Kcom\" \/>\n<meta property=\"article:modified_time\" content=\"2024-05-15T08:13:55+00:00\" \/>\n<meta property=\"og:image\" content=\"https:\/\/r23k.com\/wp-content\/uploads\/2023\/08\/Classic-Snapback-Black.png\" \/>\n\t<meta property=\"og:image:width\" content=\"1080\" \/>\n\t<meta property=\"og:image:height\" content=\"1569\" \/>\n\t<meta property=\"og:image:type\" content=\"image\/png\" \/>\n<meta name=\"twitter:card\" content=\"summary_large_image\" \/>\n<meta name=\"twitter:label1\" content=\"Est. reading time\" \/>\n\t<meta name=\"twitter:data1\" content=\"1 minute\" \/>\n<script type=\"application\/ld+json\" class=\"yoast-schema-graph\">{\"@context\":\"https:\/\/schema.org\",\"@graph\":[{\"@type\":\"WebPage\",\"@id\":\"https:\/\/r23k.com\/tuote\/classic-snapback-lippis\/\",\"url\":\"https:\/\/r23k.com\/tuote\/classic-snapback-lippis\/\",\"name\":\"Classic Snapback Lippis - R23K.COM\",\"isPartOf\":{\"@id\":\"https:\/\/r23k.com\/#website\"},\"primaryImageOfPage\":{\"@id\":\"https:\/\/r23k.com\/tuote\/classic-snapback-lippis\/#primaryimage\"},\"image\":{\"@id\":\"https:\/\/r23k.com\/tuote\/classic-snapback-lippis\/#primaryimage\"},\"thumbnailUrl\":\"https:\/\/r23k.com\/wp-content\/uploads\/2023\/08\/Classic-Snapback-Black.png\",\"datePublished\":\"2023-08-07T15:59:03+00:00\",\"dateModified\":\"2024-05-15T08:13:55+00:00\",\"description\":\"Tyylik\u00e4s ja monipuolinen Classic Snapback lippis on t\u00e4ydellinen valinta niille, jotka haluavat yhdist\u00e4\u00e4 tyylikkyyden ja mukavuuden.\",\"breadcrumb\":{\"@id\":\"https:\/\/r23k.com\/tuote\/classic-snapback-lippis\/#breadcrumb\"},\"inLanguage\":\"en-US\",\"potentialAction\":[{\"@type\":\"ReadAction\",\"target\":[\"https:\/\/r23k.com\/tuote\/classic-snapback-lippis\/\"]}]},{\"@type\":\"ImageObject\",\"inLanguage\":\"en-US\",\"@id\":\"https:\/\/r23k.com\/tuote\/classic-snapback-lippis\/#primaryimage\",\"url\":\"https:\/\/r23k.com\/wp-content\/uploads\/2023\/08\/Classic-Snapback-Black.png\",\"contentUrl\":\"https:\/\/r23k.com\/wp-content\/uploads\/2023\/08\/Classic-Snapback-Black.png\",\"width\":1080,\"height\":1569},{\"@type\":\"BreadcrumbList\",\"@id\":\"https:\/\/r23k.com\/tuote\/classic-snapback-lippis\/#breadcrumb\",\"itemListElement\":[{\"@type\":\"ListItem\",\"position\":1,\"name\":\"Home\",\"item\":\"https:\/\/r23k.com\/en\/\"},{\"@type\":\"ListItem\",\"position\":2,\"name\":\"Shop\",\"item\":\"https:\/\/r23k.com\/shop\/\"},{\"@type\":\"ListItem\",\"position\":3,\"name\":\"Classic Snapback Lippis\"}]},{\"@type\":\"WebSite\",\"@id\":\"https:\/\/r23k.com\/#website\",\"url\":\"https:\/\/r23k.com\/\",\"name\":\"R23K.COM\",\"description\":\"\",\"publisher\":{\"@id\":\"https:\/\/r23k.com\/#organization\"},\"potentialAction\":[{\"@type\":\"SearchAction\",\"target\":{\"@type\":\"EntryPoint\",\"urlTemplate\":\"https:\/\/r23k.com\/?s={search_term_string}\"},\"query-input\":{\"@type\":\"PropertyValueSpecification\",\"valueRequired\":true,\"valueName\":\"search_term_string\"}}],\"inLanguage\":\"en-US\"},{\"@type\":\"Organization\",\"@id\":\"https:\/\/r23k.com\/#organization\",\"name\":\"POD-Group Oy\",\"url\":\"https:\/\/r23k.com\/\",\"logo\":{\"@type\":\"ImageObject\",\"inLanguage\":\"en-US\",\"@id\":\"https:\/\/r23k.com\/#\/schema\/logo\/image\/\",\"url\":\"https:\/\/r23k.com\/wp-content\/uploads\/2023\/08\/R23K.com-logo-receipt.jpg\",\"contentUrl\":\"https:\/\/r23k.com\/wp-content\/uploads\/2023\/08\/R23K.com-logo-receipt.jpg\",\"width\":251,\"height\":136,\"caption\":\"POD-Group Oy\"},\"image\":{\"@id\":\"https:\/\/r23k.com\/#\/schema\/logo\/image\/\"},\"sameAs\":[\"https:\/\/www.facebook.com\/R23Kcom\",\"https:\/\/www.instagram.com\/r23k_com\/\"]}]}<\/script>\n<!-- \/ Yoast SEO plugin. -->","yoast_head_json":{"title":"Classic Snapback Lippis - R23K.COM","description":"Tyylik\u00e4s ja monipuolinen Classic Snapback lippis on t\u00e4ydellinen valinta niille, jotka haluavat yhdist\u00e4\u00e4 tyylikkyyden ja mukavuuden.","robots":{"index":"index","follow":"follow","max-snippet":"max-snippet:-1","max-image-preview":"max-image-preview:large","max-video-preview":"max-video-preview:-1"},"canonical":"https:\/\/r23k.com\/tuote\/classic-snapback-lippis\/","og_locale":"en_US","og_type":"article","og_title":"Classic Snapback Lippis - R23K.COM","og_description":"Tyylik\u00e4s ja monipuolinen Classic Snapback lippis on t\u00e4ydellinen valinta niille, jotka haluavat yhdist\u00e4\u00e4 tyylikkyyden ja mukavuuden.","og_url":"https:\/\/r23k.com\/tuote\/classic-snapback-lippis\/","og_site_name":"R23K.COM","article_publisher":"https:\/\/www.facebook.com\/R23Kcom","article_modified_time":"2024-05-15T08:13:55+00:00","og_image":[{"width":1080,"height":1569,"url":"https:\/\/r23k.com\/wp-content\/uploads\/2023\/08\/Classic-Snapback-Black.png","type":"image\/png"}],"twitter_card":"summary_large_image","twitter_misc":{"Est. reading time":"1 minute"},"schema":{"@context":"https:\/\/schema.org","@graph":[{"@type":"WebPage","@id":"https:\/\/r23k.com\/tuote\/classic-snapback-lippis\/","url":"https:\/\/r23k.com\/tuote\/classic-snapback-lippis\/","name":"Classic Snapback Lippis - R23K.COM","isPartOf":{"@id":"https:\/\/r23k.com\/#website"},"primaryImageOfPage":{"@id":"https:\/\/r23k.com\/tuote\/classic-snapback-lippis\/#primaryimage"},"image":{"@id":"https:\/\/r23k.com\/tuote\/classic-snapback-lippis\/#primaryimage"},"thumbnailUrl":"https:\/\/r23k.com\/wp-content\/uploads\/2023\/08\/Classic-Snapback-Black.png","datePublished":"2023-08-07T15:59:03+00:00","dateModified":"2024-05-15T08:13:55+00:00","description":"Tyylik\u00e4s ja monipuolinen Classic Snapback lippis on t\u00e4ydellinen valinta niille, jotka haluavat yhdist\u00e4\u00e4 tyylikkyyden ja mukavuuden.","breadcrumb":{"@id":"https:\/\/r23k.com\/tuote\/classic-snapback-lippis\/#breadcrumb"},"inLanguage":"en-US","potentialAction":[{"@type":"ReadAction","target":["https:\/\/r23k.com\/tuote\/classic-snapback-lippis\/"]}]},{"@type":"ImageObject","inLanguage":"en-US","@id":"https:\/\/r23k.com\/tuote\/classic-snapback-lippis\/#primaryimage","url":"https:\/\/r23k.com\/wp-content\/uploads\/2023\/08\/Classic-Snapback-Black.png","contentUrl":"https:\/\/r23k.com\/wp-content\/uploads\/2023\/08\/Classic-Snapback-Black.png","width":1080,"height":1569},{"@type":"BreadcrumbList","@id":"https:\/\/r23k.com\/tuote\/classic-snapback-lippis\/#breadcrumb","itemListElement":[{"@type":"ListItem","position":1,"name":"Home","item":"https:\/\/r23k.com\/en\/"},{"@type":"ListItem","position":2,"name":"Shop","item":"https:\/\/r23k.com\/shop\/"},{"@type":"ListItem","position":3,"name":"Classic Snapback Lippis"}]},{"@type":"WebSite","@id":"https:\/\/r23k.com\/#website","url":"https:\/\/r23k.com\/","name":"R23K.COM","description":"","publisher":{"@id":"https:\/\/r23k.com\/#organization"},"potentialAction":[{"@type":"SearchAction","target":{"@type":"EntryPoint","urlTemplate":"https:\/\/r23k.com\/?s={search_term_string}"},"query-input":{"@type":"PropertyValueSpecification","valueRequired":true,"valueName":"search_term_string"}}],"inLanguage":"en-US"},{"@type":"Organization","@id":"https:\/\/r23k.com\/#organization","name":"POD-Group Oy","url":"https:\/\/r23k.com\/","logo":{"@type":"ImageObject","inLanguage":"en-US","@id":"https:\/\/r23k.com\/#\/schema\/logo\/image\/","url":"https:\/\/r23k.com\/wp-content\/uploads\/2023\/08\/R23K.com-logo-receipt.jpg","contentUrl":"https:\/\/r23k.com\/wp-content\/uploads\/2023\/08\/R23K.com-logo-receipt.jpg","width":251,"height":136,"caption":"POD-Group Oy"},"image":{"@id":"https:\/\/r23k.com\/#\/schema\/logo\/image\/"},"sameAs":["https:\/\/www.facebook.com\/R23Kcom","https:\/\/www.instagram.com\/r23k_com\/"]}]}},"_links":{"self":[{"href":"https:\/\/r23k.com\/en\/wp-json\/wp\/v2\/product\/6856","targetHints":{"allow":["GET"]}}],"collection":[{"href":"https:\/\/r23k.com\/en\/wp-json\/wp\/v2\/product"}],"about":[{"href":"https:\/\/r23k.com\/en\/wp-json\/wp\/v2\/types\/product"}],"replies":[{"embeddable":true,"href":"https:\/\/r23k.com\/en\/wp-json\/wp\/v2\/comments?post=6856"}],"wp:featuredmedia":[{"embeddable":true,"href":"https:\/\/r23k.com\/en\/wp-json\/wp\/v2\/media\/7019"}],"wp:attachment":[{"href":"https:\/\/r23k.com\/en\/wp-json\/wp\/v2\/media?parent=6856"}],"wp:term":[{"taxonomy":"product_brand","embeddable":true,"href":"https:\/\/r23k.com\/en\/wp-json\/wp\/v2\/product_brand?post=6856"},{"taxonomy":"product_cat","embeddable":true,"href":"https:\/\/r23k.com\/en\/wp-json\/wp\/v2\/product_cat?post=6856"},{"taxonomy":"product_tag","embeddable":true,"href":"https:\/\/r23k.com\/en\/wp-json\/wp\/v2\/product_tag?post=6856"}],"curies":[{"name":"wp","href":"https:\/\/api.w.org\/{rel}","templated":true}]}}