{"id":7626,"date":"2023-04-04T15:14:49","date_gmt":"2023-04-04T12:14:49","guid":{"rendered":"https:\/\/r23k.com\/tietosuojaseloste\/"},"modified":"2024-05-28T15:20:03","modified_gmt":"2024-05-28T12:20:03","slug":"tietosuojaseloste","status":"publish","type":"page","link":"https:\/\/r23k.com\/en\/tietosuojaseloste\/","title":{"rendered":"Privacy Policy"},"content":{"rendered":"\n<p>ASIAKASREKISTERIN TIETOSUOJASELOSTE (ENGLISH CONTENT COMING)<\/p>\n\n\n\n<p>R23K.COM on sitoutunut kunnioittamaan ja suojaamaan Asiakkaidensa yksityisyytt\u00e4 sek\u00e4 k\u00e4sittelem\u00e4\u00e4n henkil\u00f6tietoja voimassa olevan tietosuojalains\u00e4\u00e4d\u00e4nn\u00f6n ja hyvien tietosuojak\u00e4yt\u00e4nt\u00f6jen mukaisesti.<br>T\u00e4m\u00e4n tietosuojaselosteen tarkoituksena on kertoa Asiakkaalle, kuinka R23K.COM ker\u00e4\u00e4, k\u00e4ytt\u00e4\u00e4 ja suojaa henkil\u00f6tietoja sek\u00e4 mit\u00e4 oikeuksia ja mahdollisuuksia Asiakkaalla on vaikuttaa henkil\u00f6tietojensa k\u00e4sittelyyn.<\/p>\n\n\n\n<p>Palvelulla tarkoitetaan R23K.COM tarjoamaa palvelua kuten www.R23K.COM -verkkokauppaa, uutiskirjett\u00e4 tai muuta R23K.COM tarjoamaa Palvelua. Asiakkaalla tarkoitetaan R23K.COM Palvelua k\u00e4ytt\u00e4v\u00e4\u00e4 henkil\u00f6\u00e4.<\/p>\n\n\n\n<p>R23K.COM noudattaa henkil\u00f6tietojen k\u00e4sittelyss\u00e4 voimassa olevaa Suomen lains\u00e4\u00e4d\u00e4nt\u00f6\u00e4 ja Euroopan Unionin tietosuoja-asetusta.<br>T\u00e4t\u00e4 tietosuojaselostetta sovelletaan, kun Asiakas k\u00e4ytt\u00e4\u00e4 R23K.COM Palveluja. Mik\u00e4li Asiakas ei hyv\u00e4ksy t\u00e4m\u00e4n tietosuojaselosteen ehtoja, Asiakas ei voi k\u00e4ytt\u00e4\u00e4 Palveluja, koska Palvelun tarjoaminen edellytt\u00e4\u00e4 henkil\u00f6tietojen k\u00e4sittely\u00e4.<\/p>\n\n\n\n<p>Rekisterin nimi<br>R23K.COM asiakasrekisteri<\/p>\n\n\n\n<p>Rekisterinpit\u00e4j\u00e4 ja yhteystiedot<br>R23K.COM \/ POD-Group Oy (Y-tunnus: 2878668-2)<br>Jaakontie 2, 39200 Kyr\u00f6skoski<\/p>\n\n\n\n<p>Henkil\u00f6tietojen k\u00e4sittely\u00e4 ja tietosuoja-asioita koskevat yhteydenotot: info@r23k.com<\/p>\n\n\n\n<p>Henkil\u00f6tietojen k\u00e4sittelyn tarkoitus<br>Kaupan alan toiminta edellytt\u00e4\u00e4 henkil\u00f6tietojen k\u00e4sittely\u00e4. Asiakasrekisteriin kuuluu esimerkiksi verkkokaupan asiakastilin, tilausten k\u00e4sittelyn, hyv\u00e4ksymisen ja toimittamisen sek\u00e4 laskutuksen kannalta tarpeellinen henkil\u00f6tietojen k\u00e4sittely.<\/p>\n\n\n\n<p>Henkil\u00f6tietojen k\u00e4ytt\u00f6tarkoituksiin kuuluvat:<\/p>\n\n\n\n<ul class=\"wp-block-list\">\n<li>Asiakassuhteen hoito, yll\u00e4pito ja kehitt\u00e4minen sek\u00e4 asiakasviestint\u00e4;<\/li>\n\n\n\n<li>Palvelun tuottaminen, tarjoaminen, kehitt\u00e4minen ja laadunvarmistus;<\/li>\n\n\n\n<li>Liiketoiminnan kehitt\u00e4minen;<\/li>\n\n\n\n<li>Myynti ja markkinointi, suoramarkkinointi ja markkinoinnin kohdentaminen;<\/li>\n\n\n\n<li>Markkinatutkimukset, asiakastyytyv\u00e4isyyskyselyt ja tuotearvioinnit;<\/li>\n\n\n\n<li>Palvelun k\u00e4yt\u00f6n seuranta ja analysointi asiakkaiden tarpeita paremmin ymm\u00e4rt\u00e4\u00e4ksemme sek\u00e4 personoitujen Palveluiden tarjoaminen;<\/li>\n\n\n\n<li>Asiakkaiden profilointi markkinoinnin kohdentamiseksi ja Palvelun kehitt\u00e4miseksi;<\/li>\n\n\n\n<li>Lakiin sek\u00e4 viranomaisten m\u00e4\u00e4r\u00e4yksiin ja ohjeisiin perustuvien velvoitteiden hoitaminen;<\/li>\n\n\n\n<li>Palvelun tietoturvasta huolehtiminen;<\/li>\n\n\n\n<li>V\u00e4\u00e4rink\u00e4yt\u00f6sten ja petosten est\u00e4minen ja havaitseminen;<\/li>\n\n\n\n<li>Vika- ja h\u00e4iri\u00f6tilanteiden korjaaminen; ja<\/li>\n\n\n\n<li>Riskienhallinta ja koulutustarkoitukset.<\/li>\n<\/ul>\n\n\n\n<p>Henkil\u00f6tietojen l\u00e4hteet ja p\u00e4ivitt\u00e4minen<br>R23K.COM ker\u00e4\u00e4 henkil\u00f6tietoja p\u00e4\u00e4asiallisesti Asiakkaalta itselt\u00e4\u00e4n, jotka Asiakas antaa rekister\u00f6ityess\u00e4\u00e4n Palvelun k\u00e4ytt\u00e4j\u00e4ksi tai k\u00e4ytt\u00e4ess\u00e4\u00e4n Palvelua, kuten ostaessa tuotteita R23K.COM -verkkokaupasta,<br>antamalla ostoskorissa yhteystietoja, tilatessa R23K.COM uutiskirjeen tai asioidessaan muutoin R23K.COM kanssa.<br>R23K.COM voi saada tietoja my\u00f6s yhteisty\u00f6kumppaneiltaan, kuten rahtiyhti\u00f6ilt\u00e4 tai rahoitusyhti\u00f6lt\u00e4 sek\u00e4 lain sallimissa rajoissa my\u00f6s muilta palveluntarjoajilta,<br>kuten luottotietorekisterinpit\u00e4j\u00e4lt\u00e4 taikka viranomaisen pit\u00e4mist\u00e4 rekistereist\u00e4, kuten V\u00e4est\u00f6rekisterikeskuksesta.<\/p>\n\n\n\n<p>K\u00e4sitelt\u00e4v\u00e4t henkil\u00f6tiedot<br>R23K.COM k\u00e4sittelee seuraavia henkil\u00f6tietoryhmi\u00e4 ja henkil\u00f6tietoja:<\/p>\n\n\n\n<ul class=\"wp-block-list\">\n<li>Perustiedot: nimi, yhteystiedot: postiosoite, s\u00e4hk\u00f6postiosoite, puhelinnumero, henkil\u00f6kuntatieto, k\u00e4ytt\u00e4j\u00e4tunnukset;<\/li>\n\n\n\n<li>Maksu- ja maksutapatiedot;<\/li>\n\n\n\n<li>Henkil\u00f6tietojen k\u00e4sittely\u00e4 koskevat suostumukset ja kiellot;<\/li>\n\n\n\n<li>Kiinnostuksen kohteet;<\/li>\n\n\n\n<li>Asiakastapahtumatiedot: asiakassuhteen hoitamiseen liittyv\u00e4t tapahtumat ja teht\u00e4v\u00e4t;<\/li>\n\n\n\n<li>Asiakasviestint\u00e4: viestit ja tallenteet, joissa asiakas on osapuolena;<\/li>\n\n\n\n<li>Muut suostumukseen perustuvat suostumuksen pyyt\u00e4misen yhteydess\u00e4 tarkemmin m\u00e4\u00e4ritellyt tiedot;<\/li>\n\n\n\n<li>Palvelun k\u00e4ytt\u00f6tiedot: ker\u00e4ttyj\u00e4 tietoja voivat olla ostohistoria, laskutus-, luotto- ja maksutiedot, ostoskoritiedot, tuotteiden takuutiedot, toimitustiedot kuten toimitustapa ja toimitusosoite sek\u00e4 tuotearvostelut<\/li>\n\n\n\n<li>K\u00e4ytt\u00e4ytymistiedot: Asiakkaan verkkok\u00e4ytt\u00e4ytymisen ja Palvelun k\u00e4yt\u00f6n seuranta ev\u00e4steiden ja muiden vastaavien teknologioiden avulla; ker\u00e4ttyj\u00e4 tietoja voivat olla verkkoselailuun k\u00e4ytetty kanava, selain, p\u00e4\u00e4telaite, laite- tai ev\u00e4stetunniste, IP-osoite, istuntotunniste ja istunnon aika ja kesto, lokitietoja.<\/li>\n<\/ul>\n\n\n\n<p>Henkil\u00f6tietojen k\u00e4sittelyn oikeusperuste<br>Henkil\u00f6tietoja k\u00e4sitell\u00e4\u00e4n R23K.COM ja Asiakkaan v\u00e4lill\u00e4 tehtyyn sopimukseen, R23K.COM ja Asiakkaan v\u00e4liseen asiakassuhteeseen, Palvelun k\u00e4ytt\u00f6\u00f6n, R23K.COM oikeutettuun etuun, Asiakkaan antamaan suostumukseen tai lakiin perustuen.<br>R23K.COM k\u00e4sittelee kaikissa edell\u00e4 mainituissa tilanteissa henkil\u00f6- ja v\u00e4litystietoja vain k\u00e4sittelyn tarkoituksen vaatimassa laajuudessa ja ottaa henkil\u00f6tietojen k\u00e4sittelyss\u00e4 aina huomioon asiakkaidensa yksityisyyden suojan.<\/p>\n\n\n\n<p>Henkil\u00f6tietojen luovutukset ja siirrot<br>Henkil\u00f6tietoja ei luovuteta kolmansille osapuolille.<\/p>\n\n\n\n<p>Henkil\u00f6tietojen s\u00e4ilytysajat<br>R23K.COM s\u00e4ilytt\u00e4\u00e4 Asiakkaan henkil\u00f6tietoja niin kauan kuin se on tarpeen t\u00e4ss\u00e4 tietosuojaselosteessa kuvattujen k\u00e4ytt\u00f6tarkoituksien toteuttamiseksi.<br>Kirjanpitoa ja kuluttajankauppaa koskevassa lains\u00e4\u00e4d\u00e4nn\u00f6ss\u00e4 asetettujen velvollisuuksien hoitaminen ja toteuttaminen edellytt\u00e4v\u00e4t, ett\u00e4 joitain henkil\u00f6tietoja s\u00e4ilytet\u00e4\u00e4n, vaikka asiakassuhde olisi p\u00e4\u00e4ttynyt.<br>R23K.COM huolehtii sellaisista kohtuullisista toimenpiteist\u00e4, joilla varmistetaan, ett\u00e4 henkil\u00f6tietojen k\u00e4sittelyn tarkoitukseen n\u00e4hden yhteensopimattomia, vanhentuneita tai virheellisi\u00e4 henkil\u00f6tietoja ei s\u00e4ilytet\u00e4.<\/p>\n\n\n\n<p>Henkil\u00f6tietojen suojaaminen ja tietoturva<br>S\u00e4hk\u00f6isesti k\u00e4sitelt\u00e4v\u00e4t rekisterin sis\u00e4lt\u00e4m\u00e4t tiedot ovat palomuurein, salasanoin ja tarvittavin muin tietoturvan toimialalla kulloinkin yleisesti hyv\u00e4ksytt\u00e4vin teknisin keinoin suojattuja.<\/p>\n\n\n\n<p>Tietosuojaselosteen muutokset<br>Palvelun kehittymisen ja muutosten sek\u00e4 lains\u00e4\u00e4d\u00e4nn\u00f6n muutosten johdosta tietosuojaseloste voi muuttua.<br>Tietosuojaseloste on p\u00e4ivitetty viimeksi 22.5.2023.<\/p>\n","protected":false},"excerpt":{"rendered":"ASIAKASREKISTERIN TIETOSUOJASELOSTE (ENGLISH CONTENT COMING) R23K.COM on sitoutunut kunnioittamaan ja suojaamaan Asiakkaidensa yksityisyytt\u00e4 sek\u00e4 k\u00e4sittelem\u00e4\u00e4n henkil\u00f6tietoja voimassa olevan&hellip;","protected":false},"author":1,"featured_media":0,"parent":0,"menu_order":0,"comment_status":"closed","ping_status":"closed","template":"","meta":{"footnotes":""},"class_list":{"0":"post-7626","1":"page","2":"type-page","3":"status-publish","5":"mbf-entry"},"yoast_head":"<!-- This site is optimized with the Yoast SEO plugin v26.0 - https:\/\/yoast.com\/wordpress\/plugins\/seo\/ -->\n<title>Privacy Policy - R23K.COM<\/title>\n<meta name=\"robots\" content=\"index, follow, max-snippet:-1, max-image-preview:large, max-video-preview:-1\" \/>\n<link rel=\"canonical\" href=\"https:\/\/r23k.com\/en\/tietosuojaseloste\/\" \/>\n<meta property=\"og:locale\" content=\"en_US\" \/>\n<meta property=\"og:type\" content=\"article\" \/>\n<meta property=\"og:title\" content=\"Privacy Policy - R23K.COM\" \/>\n<meta property=\"og:description\" content=\"ASIAKASREKISTERIN TIETOSUOJASELOSTE (ENGLISH CONTENT COMING) R23K.COM on sitoutunut kunnioittamaan ja suojaamaan Asiakkaidensa yksityisyytt\u00e4 sek\u00e4 k\u00e4sittelem\u00e4\u00e4n henkil\u00f6tietoja voimassa olevan&hellip;\" \/>\n<meta property=\"og:url\" content=\"https:\/\/r23k.com\/en\/tietosuojaseloste\/\" \/>\n<meta property=\"og:site_name\" content=\"R23K.COM\" \/>\n<meta property=\"article:publisher\" content=\"https:\/\/www.facebook.com\/R23Kcom\" \/>\n<meta property=\"article:modified_time\" content=\"2024-05-28T12:20:03+00:00\" \/>\n<meta name=\"twitter:card\" content=\"summary_large_image\" \/>\n<meta name=\"twitter:label1\" content=\"Est. reading time\" \/>\n\t<meta name=\"twitter:data1\" content=\"4 minutes\" \/>\n<script type=\"application\/ld+json\" class=\"yoast-schema-graph\">{\"@context\":\"https:\/\/schema.org\",\"@graph\":[{\"@type\":\"WebPage\",\"@id\":\"https:\/\/r23k.com\/en\/tietosuojaseloste\/\",\"url\":\"https:\/\/r23k.com\/en\/tietosuojaseloste\/\",\"name\":\"Privacy Policy - R23K.COM\",\"isPartOf\":{\"@id\":\"https:\/\/r23k.com\/#website\"},\"datePublished\":\"2023-04-04T12:14:49+00:00\",\"dateModified\":\"2024-05-28T12:20:03+00:00\",\"breadcrumb\":{\"@id\":\"https:\/\/r23k.com\/en\/tietosuojaseloste\/#breadcrumb\"},\"inLanguage\":\"en-US\",\"potentialAction\":[{\"@type\":\"ReadAction\",\"target\":[\"https:\/\/r23k.com\/en\/tietosuojaseloste\/\"]}]},{\"@type\":\"BreadcrumbList\",\"@id\":\"https:\/\/r23k.com\/en\/tietosuojaseloste\/#breadcrumb\",\"itemListElement\":[{\"@type\":\"ListItem\",\"position\":1,\"name\":\"Home\",\"item\":\"https:\/\/r23k.com\/en\/\"},{\"@type\":\"ListItem\",\"position\":2,\"name\":\"Privacy Policy\"}]},{\"@type\":\"WebSite\",\"@id\":\"https:\/\/r23k.com\/#website\",\"url\":\"https:\/\/r23k.com\/\",\"name\":\"R23K.COM\",\"description\":\"\",\"publisher\":{\"@id\":\"https:\/\/r23k.com\/#organization\"},\"potentialAction\":[{\"@type\":\"SearchAction\",\"target\":{\"@type\":\"EntryPoint\",\"urlTemplate\":\"https:\/\/r23k.com\/?s={search_term_string}\"},\"query-input\":{\"@type\":\"PropertyValueSpecification\",\"valueRequired\":true,\"valueName\":\"search_term_string\"}}],\"inLanguage\":\"en-US\"},{\"@type\":\"Organization\",\"@id\":\"https:\/\/r23k.com\/#organization\",\"name\":\"POD-Group Oy\",\"url\":\"https:\/\/r23k.com\/\",\"logo\":{\"@type\":\"ImageObject\",\"inLanguage\":\"en-US\",\"@id\":\"https:\/\/r23k.com\/#\/schema\/logo\/image\/\",\"url\":\"https:\/\/r23k.com\/wp-content\/uploads\/2023\/08\/R23K.com-logo-receipt.jpg\",\"contentUrl\":\"https:\/\/r23k.com\/wp-content\/uploads\/2023\/08\/R23K.com-logo-receipt.jpg\",\"width\":251,\"height\":136,\"caption\":\"POD-Group Oy\"},\"image\":{\"@id\":\"https:\/\/r23k.com\/#\/schema\/logo\/image\/\"},\"sameAs\":[\"https:\/\/www.facebook.com\/R23Kcom\",\"https:\/\/www.instagram.com\/r23k_com\/\"]}]}<\/script>\n<!-- \/ Yoast SEO plugin. -->","yoast_head_json":{"title":"Privacy Policy - R23K.COM","robots":{"index":"index","follow":"follow","max-snippet":"max-snippet:-1","max-image-preview":"max-image-preview:large","max-video-preview":"max-video-preview:-1"},"canonical":"https:\/\/r23k.com\/en\/tietosuojaseloste\/","og_locale":"en_US","og_type":"article","og_title":"Privacy Policy - R23K.COM","og_description":"ASIAKASREKISTERIN TIETOSUOJASELOSTE (ENGLISH CONTENT COMING) R23K.COM on sitoutunut kunnioittamaan ja suojaamaan Asiakkaidensa yksityisyytt\u00e4 sek\u00e4 k\u00e4sittelem\u00e4\u00e4n henkil\u00f6tietoja voimassa olevan&hellip;","og_url":"https:\/\/r23k.com\/en\/tietosuojaseloste\/","og_site_name":"R23K.COM","article_publisher":"https:\/\/www.facebook.com\/R23Kcom","article_modified_time":"2024-05-28T12:20:03+00:00","twitter_card":"summary_large_image","twitter_misc":{"Est. reading time":"4 minutes"},"schema":{"@context":"https:\/\/schema.org","@graph":[{"@type":"WebPage","@id":"https:\/\/r23k.com\/en\/tietosuojaseloste\/","url":"https:\/\/r23k.com\/en\/tietosuojaseloste\/","name":"Privacy Policy - R23K.COM","isPartOf":{"@id":"https:\/\/r23k.com\/#website"},"datePublished":"2023-04-04T12:14:49+00:00","dateModified":"2024-05-28T12:20:03+00:00","breadcrumb":{"@id":"https:\/\/r23k.com\/en\/tietosuojaseloste\/#breadcrumb"},"inLanguage":"en-US","potentialAction":[{"@type":"ReadAction","target":["https:\/\/r23k.com\/en\/tietosuojaseloste\/"]}]},{"@type":"BreadcrumbList","@id":"https:\/\/r23k.com\/en\/tietosuojaseloste\/#breadcrumb","itemListElement":[{"@type":"ListItem","position":1,"name":"Home","item":"https:\/\/r23k.com\/en\/"},{"@type":"ListItem","position":2,"name":"Privacy Policy"}]},{"@type":"WebSite","@id":"https:\/\/r23k.com\/#website","url":"https:\/\/r23k.com\/","name":"R23K.COM","description":"","publisher":{"@id":"https:\/\/r23k.com\/#organization"},"potentialAction":[{"@type":"SearchAction","target":{"@type":"EntryPoint","urlTemplate":"https:\/\/r23k.com\/?s={search_term_string}"},"query-input":{"@type":"PropertyValueSpecification","valueRequired":true,"valueName":"search_term_string"}}],"inLanguage":"en-US"},{"@type":"Organization","@id":"https:\/\/r23k.com\/#organization","name":"POD-Group Oy","url":"https:\/\/r23k.com\/","logo":{"@type":"ImageObject","inLanguage":"en-US","@id":"https:\/\/r23k.com\/#\/schema\/logo\/image\/","url":"https:\/\/r23k.com\/wp-content\/uploads\/2023\/08\/R23K.com-logo-receipt.jpg","contentUrl":"https:\/\/r23k.com\/wp-content\/uploads\/2023\/08\/R23K.com-logo-receipt.jpg","width":251,"height":136,"caption":"POD-Group Oy"},"image":{"@id":"https:\/\/r23k.com\/#\/schema\/logo\/image\/"},"sameAs":["https:\/\/www.facebook.com\/R23Kcom","https:\/\/www.instagram.com\/r23k_com\/"]}]}},"_links":{"self":[{"href":"https:\/\/r23k.com\/en\/wp-json\/wp\/v2\/pages\/7626","targetHints":{"allow":["GET"]}}],"collection":[{"href":"https:\/\/r23k.com\/en\/wp-json\/wp\/v2\/pages"}],"about":[{"href":"https:\/\/r23k.com\/en\/wp-json\/wp\/v2\/types\/page"}],"author":[{"embeddable":true,"href":"https:\/\/r23k.com\/en\/wp-json\/wp\/v2\/users\/1"}],"replies":[{"embeddable":true,"href":"https:\/\/r23k.com\/en\/wp-json\/wp\/v2\/comments?post=7626"}],"version-history":[{"count":0,"href":"https:\/\/r23k.com\/en\/wp-json\/wp\/v2\/pages\/7626\/revisions"}],"wp:attachment":[{"href":"https:\/\/r23k.com\/en\/wp-json\/wp\/v2\/media?parent=7626"}],"curies":[{"name":"wp","href":"https:\/\/api.w.org\/{rel}","templated":true}]}}